{"id":1262,"date":"2026-02-16T12:42:20","date_gmt":"2026-02-16T11:42:20","guid":{"rendered":"https:\/\/neues-mitteldeutschland.de\/?page_id=1262"},"modified":"2026-02-26T10:01:17","modified_gmt":"2026-02-26T09:01:17","slug":"fotostudio","status":"publish","type":"page","link":"https:\/\/www.neues-mitteldeutschland.de\/index.php\/fotostudio\/","title":{"rendered":"Fotostudio"},"content":{"rendered":"\t\t<div data-elementor-type=\"wp-page\" data-elementor-id=\"1262\" class=\"elementor elementor-1262\">\n\t\t\t\t<div class=\"elementor-element elementor-element-ee3fb8a e-flex e-con-boxed e-con e-parent\" data-id=\"ee3fb8a\" data-element_type=\"container\">\n\t\t\t\t\t<div class=\"e-con-inner\">\n\t\t<div class=\"elementor-element elementor-element-9e3516f e-con-full e-flex e-con e-child\" data-id=\"9e3516f\" data-element_type=\"container\">\n\t\t\t\t<div class=\"elementor-element elementor-element-86afcad elementor-widget elementor-widget-html\" data-id=\"86afcad\" data-element_type=\"widget\" data-widget_type=\"html.default\">\n\t\t\t\t\t<table>\n<tbody>\n<tr>\n<td>Anschrift:<\/td>\n<td>Neues-Mitteldeutschland\nRadio Glauchau\nMarkt 20\n08371 Glauchau<\/td>\n<\/tr>\n<tr>\n<td>Website:<\/td>\n<td>\n    <a href=\"https:\/\/neues-mitteldeutschland.de\/index.php\/werbeagentur\/\">Hier Klicken<\/a>\n<\/td>\n<\/tr>\n<tr>\n<td>Telefon:<\/td>\n<td>03763 \/ 96277<\/td>\n<\/tr>\n<tr>\n<td>E-Mail:<\/td>\n<td>design@neues-mitteldeutschland.de<\/td>\n<\/tr>\n<\/tbody>\n<\/table>\t\t\t\t<\/div>\n\t\t\t\t<\/div>\n\t\t<div class=\"elementor-element elementor-element-60d254a e-con-full e-flex e-con e-child\" data-id=\"60d254a\" data-element_type=\"container\">\n\t\t\t\t<div class=\"elementor-element elementor-element-883e046 elementor-widget elementor-widget-google_maps\" data-id=\"883e046\" data-element_type=\"widget\" data-widget_type=\"google_maps.default\">\n\t\t\t\t\t\t\t<div class=\"elementor-custom-embed\">\n\t\t\t<iframe loading=\"lazy\"\n\t\t\t\t\tsrc=\"https:\/\/maps.google.com\/maps?q=markt%2020%2C%20glauchau&#038;t=m&#038;z=10&#038;output=embed&#038;iwloc=near\"\n\t\t\t\t\ttitle=\"markt 20, glauchau\"\n\t\t\t\t\taria-label=\"markt 20, glauchau\"\n\t\t\t><\/iframe>\n\t\t<\/div>\n\t\t\t\t\t\t<\/div>\n\t\t\t\t<\/div>\n\t\t\t\t\t<\/div>\n\t\t\t\t<\/div>\n\t\t<div class=\"elementor-element elementor-element-28dfce5 e-flex e-con-boxed e-con e-parent\" data-id=\"28dfce5\" data-element_type=\"container\">\n\t\t\t\t\t<div class=\"e-con-inner\">\n\t\t\t\t<div class=\"elementor-element elementor-element-5534acc elementor-widget elementor-widget-text-editor\" data-id=\"5534acc\" data-element_type=\"widget\" data-widget_type=\"text-editor.default\">\n\t\t\t\t\t\t\t\t\t<section><div class=\"row\"><div class=\"col-md-8 col-sm-8 col-xs-12\"><h2>Bildbearbeitungsworkshops<\/h2><p>f\u00fcr 65 Euro (inkl. MwST), Dauer zwischen 2 und 3 Stunden f\u00fcr Einsteiger<\/p><p>Termin nach Absprache, je Kurs begrenzte Teilnehmerzahlen, um eine individuelle Schulung gew\u00e4hrleisten zu k\u00f6nnen.<\/p><\/div><div class=\"col-md-4 col-sm-4 col-xs-12\"><h2>Passbilder Bewerbungsfotos, Hochzeitsfotos, Familienfotos u.v.m.<\/h2><\/div><\/div><\/section><section><div class=\"row\"><hr \/><\/div><\/section><section><div class=\"row\"><section><section><div class=\"row\"><div class=\"col-md-12\"><p>\u00a0 \u00a0\u00a0 <span style=\"color: #ff6600;\"><strong>Bildbearbeitung<\/strong><\/span><\/p><section>\u00a0\u00a0\u00a0\u00a0 Wir bieten Ihnen viele Leistungen rund um Bildbearbeitung &amp; Fotographie<ul><li>Rekonstruktion &amp; Colorierung Ihrer Fotos<\/li><li>Bearbeitung Ihrer Aufnahmen zur Pr\u00e4sentation<\/li><li>Erstellung individueller Karten (zB. Einladungen) Bildbearbeitungsworkshops f\u00fcr 40 Euro Dauer zwischen 2 und 3 Stunden f\u00fcr Einsteiger<\/li><\/ul><\/section><\/div><\/div><\/section><\/section><\/div><\/section><section><div class=\"row\"><div class=\"col-md-4 col-sm-6 col-xs-12\"><p><span style=\"color: #ff6600;\">\u00a0<strong>Portraitfotografie<\/strong><\/span><\/p><p>Sind Sie auf der Suche nach einem Geschenk f\u00fcr Ihre Familie, f\u00fcr den Liebsten oder die Liebste? Suchen Sie bleibende Erinnerungen?<br \/>Dann sind Sie bei uns richtig.<br \/>F\u00fcr Ihr Portrait setzen wir Ihre Pers\u00f6nlichkeit ins rechte Licht.<\/p><p><span style=\"color: #ff6600;\"><strong>Bewerbungsfotos<\/strong><\/span><\/p><p>Was gibt es wichtigeres als eine gute Bewerbung?<br \/>Nutzen Sie Ihre Chance und zeigen Sie sich von Ihrer besten Seite.<\/p><\/div><div class=\"col-md-4 col-sm-6 col-xs-12\"><p>\u00a0<span style=\"color: #ff6600;\"><strong>Passbilder<\/strong><\/span><\/p><p>Egal ob F\u00fchrerschein, Reisepass oder Personalausweis, wenn es schnell und unkompliziert gehen soll, kommen Sie einfach zu uns. Nach wenigen Minuten halten Sie Ihre f\u00fcr amtliche Dokumente genormten Bilder in der Hand.<\/p><p><span style=\"color: #ff6600;\"><strong>Produktfotografie:<\/strong><\/span><\/p><p>Produkte f\u00fcr Ihren Online-shop und die eigene Firmenwerbung f\u00fcr Web und Druck angefertigt \/ bearbeitet.<\/p><\/div><div class=\"col-md-4 col-sm-6 col-xs-12\"><p><span style=\"color: #ff6600;\">\u00a0<strong>Hochzeitsfotografie<\/strong><\/span><\/p><p>Der sch\u00f6nste Tag des Lebens braucht ebenso sch\u00f6ne Fotos. Diese sollen in Ihnen auch nach vielen Jahren noch das Gef\u00fchl von damals wecken k\u00f6nnen. Verlassen Sie sich also bei Ihrer Trauung und Hochzeitsfeier nicht auf zuf\u00e4llige Fotos und Schnappsch\u00fcsse Ihrer G\u00e4ste. Wenn Sie heiraten, sorgen wir f\u00fcr die perfekten Impressionen, fangen die gro\u00dfen wie die kleinen Momente ein, fotografieren Sie, Ihre G\u00e4ste, Details und Atmosph\u00e4re. Lassen Sie sich von unserem Fotografen am Tag Ihrer Heirat begleiten: professionell, zur\u00fcckhaltend.<\/p><\/div><\/div><\/section>\t\t\t\t\t\t\t\t<\/div>\n\t\t\t\t\t<\/div>\n\t\t\t\t<\/div>\n\t\t\t\t<\/div>\n\t\t","protected":false},"excerpt":{"rendered":"<p>Anschrift: Neues-Mitteldeutschland Radio Glauchau Markt 20 08371 Glauchau Website: Hier Klicken Telefon: 03763 \/ 96277 E-Mail: design@neues-mitteldeutschland.de Bildbearbeitungsworkshops f\u00fcr 65 Euro (inkl. MwST), Dauer zwischen 2 und 3 Stunden f\u00fcr Einsteiger Termin nach Absprache, je Kurs begrenzte Teilnehmerzahlen, um eine individuelle Schulung gew\u00e4hrleisten zu k\u00f6nnen. Passbilder Bewerbungsfotos, Hochzeitsfotos, Familienfotos u.v.m. \u00a0 \u00a0\u00a0 Bildbearbeitung \u00a0\u00a0\u00a0\u00a0 Wir [&hellip;]<\/p>\n","protected":false},"author":1,"featured_media":0,"parent":0,"menu_order":0,"comment_status":"closed","ping_status":"closed","template":"","meta":{"footnotes":""},"class_list":["post-1262","page","type-page","status-publish","hentry"],"publishpress_future_action":{"enabled":false,"date":"2026-04-17 11:48:39","action":"change-status","newStatus":"draft","terms":[],"taxonomy":"","extraData":[]},"publishpress_future_workflow_manual_trigger":{"enabledWorkflows":[]},"_links":{"self":[{"href":"https:\/\/www.neues-mitteldeutschland.de\/index.php\/wp-json\/wp\/v2\/pages\/1262","targetHints":{"allow":["GET"]}}],"collection":[{"href":"https:\/\/www.neues-mitteldeutschland.de\/index.php\/wp-json\/wp\/v2\/pages"}],"about":[{"href":"https:\/\/www.neues-mitteldeutschland.de\/index.php\/wp-json\/wp\/v2\/types\/page"}],"author":[{"embeddable":true,"href":"https:\/\/www.neues-mitteldeutschland.de\/index.php\/wp-json\/wp\/v2\/users\/1"}],"replies":[{"embeddable":true,"href":"https:\/\/www.neues-mitteldeutschland.de\/index.php\/wp-json\/wp\/v2\/comments?post=1262"}],"version-history":[{"count":7,"href":"https:\/\/www.neues-mitteldeutschland.de\/index.php\/wp-json\/wp\/v2\/pages\/1262\/revisions"}],"predecessor-version":[{"id":1561,"href":"https:\/\/www.neues-mitteldeutschland.de\/index.php\/wp-json\/wp\/v2\/pages\/1262\/revisions\/1561"}],"wp:attachment":[{"href":"https:\/\/www.neues-mitteldeutschland.de\/index.php\/wp-json\/wp\/v2\/media?parent=1262"}],"curies":[{"name":"wp","href":"https:\/\/api.w.org\/{rel}","templated":true}]}}